{"id":9,"date":"2020-08-25T22:24:25","date_gmt":"2020-08-25T21:24:25","guid":{"rendered":"https:\/\/compagnielesapartes.wordpress.com\/?page_id=9"},"modified":"2026-02-24T12:21:57","modified_gmt":"2026-02-24T12:21:57","slug":"about","status":"publish","type":"page","link":"https:\/\/compagnielesapartes.fr\/index.php\/about\/","title":{"rendered":"La compagnie"},"content":{"rendered":"\n<p class=\"has-text-align-center is-style-default has-mobile-text-align-left\">La Compagnie Les Apart\u00e9s d\u00e9veloppe un travail artistique m\u00ealant cr\u00e9ation th\u00e9\u00e2trale, actions culturelles et transmission aupr\u00e8s de tous les publics en milieu rural.<\/p>\n\n\n\n<hr class=\"wp-block-separator has-alpha-channel-opacity\"\/>\n\n\n\n<figure class=\"wp-block-pullquote has-large-font-size\"><blockquote><p>\u00ab<em><strong><strong><em>Le th\u00e9\u00e2tre est le meilleur moyen d\u2019\u00e9veiller les consciences<\/em><\/strong><\/strong>&nbsp;<\/em>\u00bb<\/p><cite>Aim\u00e9 C\u00e9saire<\/cite><\/blockquote><\/figure>\n\n\n\n<hr class=\"wp-block-separator has-alpha-channel-opacity\"\/>\n\n\n\n<div style=\"height:26px\" aria-hidden=\"true\" class=\"wp-block-spacer\"><\/div>\n\n\n\n<figure class=\"wp-block-image size-full\"><img loading=\"lazy\" decoding=\"async\" width=\"637\" height=\"480\" src=\"https:\/\/compagnielesapartes.fr\/wp-content\/uploads\/2026\/02\/Captura-de-pantalla-2026-02-05-171908.png\" alt=\"\" class=\"wp-image-2414\" srcset=\"https:\/\/compagnielesapartes.fr\/wp-content\/uploads\/2026\/02\/Captura-de-pantalla-2026-02-05-171908.png 637w, https:\/\/compagnielesapartes.fr\/wp-content\/uploads\/2026\/02\/Captura-de-pantalla-2026-02-05-171908-300x226.png 300w\" sizes=\"auto, (max-width: 637px) 100vw, 637px\" \/><\/figure>\n\n\n\n<p class=\"has-text-align-justify is-style-default\">Un apart\u00e9 est une adresse directe au public, qui permet de cr\u00e9er une certaine complicit\u00e9, de tisser du lien entre la sc\u00e8ne et la salle. En se nommant ainsi, la Compagnie Les Apart\u00e9s cherche \u00e0 mettre le public et l\u2019acteur au c\u0153ur de ses recherches.&nbsp;<\/p>\n\n\n\n<div style=\"height:26px\" aria-hidden=\"true\" class=\"wp-block-spacer\"><\/div>\n\n\n\n<figure class=\"wp-block-image aligncenter size-full is-resized\"><img loading=\"lazy\" decoding=\"async\" width=\"1024\" height=\"434\" src=\"http:\/\/cofusfq.cluster100.hosting.ovh.net\/wp-content\/uploads\/2023\/08\/cropped-whatsapp-image-2023-08-22-at-15.17.41.jpeg\" alt=\"\" class=\"wp-image-1688\" style=\"aspect-ratio:2.359531294655616;width:427px;height:auto\" srcset=\"https:\/\/compagnielesapartes.fr\/wp-content\/uploads\/2023\/08\/cropped-whatsapp-image-2023-08-22-at-15.17.41.jpeg 1024w, https:\/\/compagnielesapartes.fr\/wp-content\/uploads\/2023\/08\/cropped-whatsapp-image-2023-08-22-at-15.17.41-300x127.jpeg 300w, https:\/\/compagnielesapartes.fr\/wp-content\/uploads\/2023\/08\/cropped-whatsapp-image-2023-08-22-at-15.17.41-768x326.jpeg 768w\" sizes=\"auto, (max-width: 1024px) 100vw, 1024px\" \/><\/figure>\n\n\n\n<p class=\"has-text-align-justify\">\u00c0 la crois\u00e9e du th\u00e9\u00e2tre, de la marionnette et de l\u2019art visuel, Les Apart\u00e9s aiment d\u00e9cloisonner les genres, utilisent les objets, l\u2019image et l\u2019acteur comme mat\u00e9riaux et vont \u00e0 la rencontre des publics en diffusant leurs spectacles dans des lieux souvent insolites et non \u00e9quip\u00e9s, la plupart du temps en milieu rural, sur le territoire du Comminges o\u00f9 la compagnie rayonne et r\u00e9side.&nbsp;<\/p>\n\n\n\n<p class=\"has-text-align-justify\">Les Apart\u00e9s d\u00e9fendent un th\u00e9\u00e2tre \u00e9laborateur,&nbsp; joue avec le principe d\u2019identification, o\u00f9 le quatri\u00e8me mur, m\u00eame s\u2019il est respect\u00e9, se traverse facilement.<\/p>\n\n\n\n<figure class=\"wp-block-image size-large\"><img loading=\"lazy\" decoding=\"async\" width=\"1024\" height=\"768\" src=\"http:\/\/cofusfq.cluster100.hosting.ovh.net\/wp-content\/uploads\/2022\/08\/img_5211-1-1024x768.jpg\" alt=\"\" class=\"wp-image-463\" srcset=\"https:\/\/compagnielesapartes.fr\/wp-content\/uploads\/2022\/08\/img_5211-1-1024x768.jpg 1024w, https:\/\/compagnielesapartes.fr\/wp-content\/uploads\/2022\/08\/img_5211-1-300x225.jpg 300w, https:\/\/compagnielesapartes.fr\/wp-content\/uploads\/2022\/08\/img_5211-1-768x576.jpg 768w, https:\/\/compagnielesapartes.fr\/wp-content\/uploads\/2022\/08\/img_5211-1-1536x1152.jpg 1536w, https:\/\/compagnielesapartes.fr\/wp-content\/uploads\/2022\/08\/img_5211-1-2048x1536.jpg 2048w\" sizes=\"auto, (max-width: 1024px) 100vw, 1024px\" \/><\/figure>\n\n\n\n<p class=\"has-text-align-justify\">Le th\u00e9\u00e2tre est un art qui s\u2019incarne et qui se donne pour mission d\u2019exposer avec force les r\u00e9alit\u00e9s de la soci\u00e9t\u00e9 tout en la souhaitant meilleure. Notre particularit\u00e9 est de cr\u00e9er \u00e0 partir de t\u00e9moignages r\u00e9colt\u00e9s lors de nos laboratoires de recherche, de d\u00e9construire les r\u00e9cits pour inventer d\u2019autres histoires. Des histoires qui parlent de nous, de ce que r\u00e9v\u00e8le notre soci\u00e9t\u00e9, de ce qui se refl\u00e8te dans le miroir\u2026 sous la plume de St\u00e9phanie Saguerre qui pratique&nbsp; \u00ab&nbsp;une \u00e9criture de la relation&nbsp;\u00bb o\u00f9 la fiction repr\u00e9sente les possibilit\u00e9s du r\u00e9el, on d\u00e9ambule sur leurs fronti\u00e8res, on s\u2019amuse avec le vrai et le faux, la parole semble biographique.<\/p>\n\n\n\n<p class=\"has-text-align-justify\">La compagnie n\u2019h\u00e9site pas \u00e0 travailler avec les hommes et les femmes non professionnels qui permettent de brouiller les pistes (des acteurs tr\u00e8s diff\u00e9rents : amateurs, com\u00e9diens en situation de handicap, professionnels, de tout \u00e2ge et de toute cat\u00e9gorie sociale).&nbsp;<\/p>\n\n\n\n<figure class=\"wp-block-pullquote has-large-font-size\"><blockquote><p>\u00ab<em><strong><strong><em>Face au fracas du monde, le th\u00e9\u00e2tre apporte des r\u00e9ponses<\/em><\/strong><\/strong>&nbsp;<\/em>\u00bb<\/p><cite>Laurent Gaud\u00e9<\/cite><\/blockquote><\/figure>\n\n\n\n<p class=\"has-text-align-justify\">En parall\u00e8le du travail de cr\u00e9ation, la compagnie Les Apart\u00e9s milite sur le territoire pour la transmission de l\u2019Art th\u00e9\u00e2tral. Le travail singulier de la compagnie a permis \u00e0 la metteuse en sc\u00e8ne de se poser s\u00e9rieusement la question de la direction d\u2019acteurs et de d\u00e9velopper une certaine p\u00e9dagogie pour accompagner le public amateur ou professionnel, \u00e0 monter sur sc\u00e8ne,&nbsp; \u00e0 trouver sa propre expression artistique tout en les confrontant aux diff\u00e9rents genres, styles et esth\u00e9tiques.&nbsp;<\/p>\n\n\n\n<p class=\"has-text-align-justify\">Les Apart\u00e9s sont r\u00e9guli\u00e8rement mandat\u00e9s pour accompagner professionnellement des projets d\u2019\u00e9ducation artistique en milieu scolaire.<\/p>\n\n\n\n<figure class=\"wp-block-image size-large\"><img loading=\"lazy\" decoding=\"async\" width=\"1024\" height=\"1024\" src=\"http:\/\/cofusfq.cluster100.hosting.ovh.net\/wp-content\/uploads\/2022\/09\/cbd0b02a-69a1-48c1-8725-7839129e1689-1-1024x1024.jpg\" alt=\"\" class=\"wp-image-702\" srcset=\"https:\/\/compagnielesapartes.fr\/wp-content\/uploads\/2022\/09\/cbd0b02a-69a1-48c1-8725-7839129e1689-1-1024x1024.jpg 1024w, https:\/\/compagnielesapartes.fr\/wp-content\/uploads\/2022\/09\/cbd0b02a-69a1-48c1-8725-7839129e1689-1-300x300.jpg 300w, https:\/\/compagnielesapartes.fr\/wp-content\/uploads\/2022\/09\/cbd0b02a-69a1-48c1-8725-7839129e1689-1-150x150.jpg 150w, https:\/\/compagnielesapartes.fr\/wp-content\/uploads\/2022\/09\/cbd0b02a-69a1-48c1-8725-7839129e1689-1-768x768.jpg 768w, https:\/\/compagnielesapartes.fr\/wp-content\/uploads\/2022\/09\/cbd0b02a-69a1-48c1-8725-7839129e1689-1-1536x1536.jpg 1536w, https:\/\/compagnielesapartes.fr\/wp-content\/uploads\/2022\/09\/cbd0b02a-69a1-48c1-8725-7839129e1689-1-2048x2048.jpg 2048w\" sizes=\"auto, (max-width: 1024px) 100vw, 1024px\" \/><\/figure>\n\n\n\n<p class=\"has-text-align-justify\">Convaincue que l\u2019art th\u00e9\u00e2tral est un outil puissant qui nous permet d\u2019acqu\u00e9rir notre \u00ab&nbsp;humanitude&nbsp;\u00bb, l\u2019attitude d\u2019\u00eatre humain, St\u00e9phanie propose et d\u00e9veloppe \u00e9galement des ateliers de th\u00e9\u00e2tre au sein de la compagnie, pour diff\u00e9rents projets pas n\u00e9cessairement artistiques ( parcours avenir au sein de coll\u00e8ge, d\u00e9veloppement de la coh\u00e9sion sociale en entreprise, mieux \u00eatre et d\u00e9veloppement personnel\u2026)<\/p>\n\n\n\n<p class=\"has-text-align-justify\">Ils ont vu et aiment notre travail: L\u2019AGIT th\u00e9\u00e2tre, Compagnie BARO D\u2019 EVEL , Collectif Balle Perdue, Ceci n\u2019est pas une caravane, L\u2019 Atelier des Songes&#8230;<\/p>\n\n\n\n<p>La compagnie re\u00e7oit <strong>le soutien <\/strong>de la <strong>Communaut\u00e9 de communes du CAGIRE<\/strong> et de la <strong>mairie de Mazeres-sur-Salat<\/strong>.<\/p>\n\n\n\n<div class=\"wp-block-columns is-layout-flex wp-container-core-columns-is-layout-28f84493 wp-block-columns-is-layout-flex\">\n<div class=\"wp-block-column is-layout-flow wp-block-column-is-layout-flow\" style=\"flex-basis:100%\"><\/div>\n<\/div>\n\n\n\n<div style=\"height:16px\" aria-hidden=\"true\" class=\"wp-block-spacer\"><\/div>\n\n\n\n<h2 class=\"wp-block-heading\"><strong>Un projet en milieu rural, un rayonnement sur le territoire<\/strong><\/h2>\n\n\n\n<p class=\"has-text-align-justify\">Le travail de cr\u00e9ation de la compagnie LES APARTES s\u2019appuie beaucoup sur la participation des acteurs et habitants du territoire. Les th\u00e9matiques \u00e0 r\u00e9sonance sociale , ch\u00e8res \u00e0 la compagnie, impliquent de travailler avec les habitants, m\u00ealant \u00e9troitement cr\u00e9ation artistique et action culturelle.<br>Cette particularit\u00e9 a amen\u00e9 tout naturellement la metteuse en sc\u00e8ne, \u00e0 s\u2019interroger sur la direction d\u2019acteur , et la cr\u00e9ation d\u2019outils pour amener l\u2019amateur \u00e0 avoir les moyens de se risquer sur une sc\u00e8ne de th\u00e9\u00e2tre, \u00e0 porter une parole vivante , qu\u2019elle soit dite, mais aussi qu\u2019elle soit entendue. Au fil des ann\u00e9es , St\u00e9phanie Saguerre a   d\u00e9velopp\u00e9 une certaine p\u00e9dagogie th\u00e9\u00e2trale, r\u00e9flexions d\u00e9j\u00e0 men\u00e9es lors de son travail de recherche en ma\u00eetrise d\u2019 Arts du Spectacle en 2003 : \u00ab l\u2019int\u00e9r\u00eat des ateliers de th\u00e9\u00e2tre pour le d\u00e9veloppement psychomoteur des enfants d\u2019\u00e2ge scolaire \u00bb<\/p>\n\n\n\n<p class=\"has-text-align-justify\">La situation g\u00e9ographique de notre territoire, ne permet pas aux habitants et surtout aux jeunes et aux populations fragiles d\u2019acc\u00e9der facilement aux propositions artistiques pourtant riches ( L&rsquo; Usineuse, Pronomades , Th\u00e9\u00e2tre Marmignon, ou les salles de Foix Tarbes et Toulouse ). Il nous semblait presque naturel de pouvoir proposer ici des actions culturelles compl\u00e9mentaires \u00e0 ce qui existaient d\u00e9j\u00e0, des d\u00e9couvertes artistiques, des ateliers d\u2019initiation, de perfectionnement, mais aussi des spectacles autonomes et itin\u00e9rants pouvant s\u2019adapter aux lieux non d\u00e9di\u00e9s au th\u00e9\u00e2tre et en direction de la jeunesse et des publics vuln\u00e9rables.<br>Les rencontres avec les diff\u00e9rents acteurs culturels du territoire ont permis de tisser des liens, avec des promesses de collaboration et des partenariats d\u00e9j\u00e0 institu\u00e9s: le th\u00e9\u00e2tre de <strong>l<\/strong>\u2019<strong>Usineuse<\/strong> (Maz\u00e8res-sur-Salat), le <strong>coll\u00e8ge des 3 Vall\u00e9es<\/strong> (Salies du Salat), des <strong>\u00e9coles primaires de la communaut\u00e9 des communes<\/strong>, l\u2019 <strong>AGAPEI <\/strong>Agir avec Amis Parents et Professionnels pour les Personnes en situation de Handicap) du Comtal (Aurignac), le <strong>ESAT<\/strong> Etablissement ou Service d\u2019Aide par le Travail (Saint-Gaudens), et l\u2019 <strong>APEAI<\/strong> Association de Parents d\u2019\u00e9l\u00e8ves et d\u2019Animation Intercommunale (Maz\u00e8res-sur-Salat).<\/p>\n\n\n\n<p class=\"has-text-align-justify\">Nous sommes fiers de pouvoir participer \u00e0 l\u2019accompagnement artistique des \u00e9l\u00e8ves et r\u00e9sidents de ces institutions.<\/p>\n\n\n\n<hr class=\"wp-block-separator has-alpha-channel-opacity\"\/>\n\n\n\n<h2 class=\"wp-block-heading has-text-align-center has-xx-large-font-size\"><strong>D\u00e9sob\u00e9ir, le documentaire<\/strong><\/h2>\n\n\n\n<p>La r\u00e9alisatrice Alwa Deluze a suivi pendant un an le travail de la compagnie, vous pourrez appr\u00e9cier le travail de St\u00e9phanie Saguerre, notre metteuse en sc\u00e8ne, son \u00e9nergie et sa bienveillance. Nous sommes fiers de ce film et nous vous encourageons \u00e0 le d\u00e9couvrir prochainement, en attendant voici le teaser &#8230;<\/p>\n\n\n\n<div class=\"wp-block-group is-layout-flow wp-block-group-is-layout-flow\">\n<p class=\"has-normal-font-size\"><\/p>\n\n\n\n<figure class=\"wp-block-embed is-type-video is-provider-vimeo wp-block-embed-vimeo wp-embed-aspect-16-9 wp-has-aspect-ratio\"><div class=\"wp-block-embed__wrapper\">\n<iframe loading=\"lazy\" title=\"D\u00e9sob\u00e9ir \/\/ documentaire\" src=\"https:\/\/player.vimeo.com\/video\/388063632?dnt=1&amp;app_id=122963\" width=\"500\" height=\"281\" frameborder=\"0\" allow=\"autoplay; fullscreen; picture-in-picture; clipboard-write; encrypted-media; web-share\" referrerpolicy=\"strict-origin-when-cross-origin\"><\/iframe>\n<\/div><\/figure>\n<\/div>\n\n\n\n<p class=\"has-text-align-justify\" style=\"font-size:clamp(14.642px, 0.915rem + ((1vw - 3.2px) * 0.721), 22px);\">&#8230; Et si l\u2019on jouait \u00e0 d\u00e9sob\u00e9ir?<br>Ils vivent aux pieds des Pyr\u00e9n\u00e9es. Certains arpentent les couloirs du coll\u00e8ge, d\u2019autres terminent le lyc\u00e9e. Ils se connaissent depuis des ann\u00e9es et partagent une m\u00eame passion : le th\u00e9\u00e2tre. Depuis le mois de septembre, ils planchent sur la d\u00e9sob\u00e9issance. Ce sera le th\u00e8me de leur prochain spectacle, impuls\u00e9 par St\u00e9phanie, la dr\u00f4le de metteur en sc\u00e8ne de la compagnie Les Apart\u00e9s.<br>Sans tabou et avec humour, ces adolescents se d\u00e9voilent et questionnent les r\u00e8gles de notre d\u00e9mocratie pour \u00e9crire leur pi\u00e8ce. Si les transgressions et les provocations sont autoris\u00e9es dans l\u2019atelier de th\u00e9\u00e2tre, il leur faut apprendre \u00e0 les questionner, les justifier pour pouvoir ensuite les jouer, ou les d\u00e9jouer, sur sc\u00e8ne. Et plus tard qui sait, dans la vie.<br>D\u00e9couvrir ces adolescents s\u2019interroger sur l\u2019opportunit\u00e9 de transgresser les r\u00e8gles pour agir sur l\u2019ordre du monde nous renvoie in\u00e9vitablement \u00e0 nos propres choix. Et si nous aussi, les adultes, l\u2019on finissait par \u00eatre pouss\u00e9s par le souffle indomptable de la d\u00e9sob\u00e9issance?<\/p>\n\n\n\n<p class=\"has-text-align-justify\" style=\"font-size:clamp(14.642px, 0.915rem + ((1vw - 3.2px) * 0.721), 22px);\"><strong>D\u00e9sob\u00e9ir<\/strong>, un film \u00e9crit et r\u00e9alis\u00e9 par Alwa Deluze<br>D\u2019apr\u00e8s D\u00e9sob\u00e9ir, un spectacle de la compagnie Les Apart\u00e9s mis en sc\u00e8ne par St\u00e9phanie Saguerre.<br>Une coproduction : anoki, France t\u00e9l\u00e9visions et Vi\u00e0Vosges. Avec la participation : du Centre national du cin\u00e9ma et de l\u2019image anim\u00e9e, de la R\u00e9gion Occitanie Pyr\u00e9n\u00e9es-M\u00e9diterran\u00e9e, de la commune de Maz\u00e8res-sur-Salat et de la Compagnie Les Apart\u00e9s. 2020<\/p>\n\n\n\n<div style=\"height:62px\" aria-hidden=\"true\" class=\"wp-block-spacer\"><\/div>\n\n\n\n<p class=\"has-text-align-center has-medium-font-size\"><strong>Compagnie Les Apart\u00e9s<\/strong><br>Association culturelle loi 1901<br>Si\u00e8ge social : 1 avenue des Pyr\u00e9n\u00e9es, (Mairie)<br>31260 Maz\u00e8res-sur-Salat \u2013 France<\/p>\n\n\n\n<p class=\"has-text-align-center has-medium-font-size\">Num\u00e9ro RNA : W312002302<br>Num\u00e9ro SIRET : 79507284200029<\/p>\n\n\n\n<p class=\"has-text-align-center has-medium-font-size\">Email : associationlesapartes@gmail.com<br>T\u00e9l\u00e9phone : 07 71 76 47 17<\/p>\n\n\n\n<figure class=\"wp-block-image aligncenter size-full\"><img loading=\"lazy\" decoding=\"async\" width=\"976\" height=\"209\" src=\"http:\/\/cofusfq.cluster100.hosting.ovh.net\/wp-content\/uploads\/2022\/09\/lgoos-1.png\" alt=\"\" class=\"wp-image-835\" srcset=\"https:\/\/compagnielesapartes.fr\/wp-content\/uploads\/2022\/09\/lgoos-1.png 976w, https:\/\/compagnielesapartes.fr\/wp-content\/uploads\/2022\/09\/lgoos-1-300x64.png 300w, https:\/\/compagnielesapartes.fr\/wp-content\/uploads\/2022\/09\/lgoos-1-768x164.png 768w\" sizes=\"auto, (max-width: 976px) 100vw, 976px\" \/><\/figure>\n\n\n\n<p><\/p>\n\n\n\n<p><\/p>\n","protected":false},"excerpt":{"rendered":"<p>La Compagnie Les Apart\u00e9s d\u00e9veloppe un travail artistique m\u00ealant cr\u00e9ation th\u00e9\u00e2trale, actions culturelles et transmission aupr\u00e8s de tous les publics en milieu rural. \u00abLe th\u00e9\u00e2tre est le meilleur moyen d\u2019\u00e9veiller les consciences&nbsp;\u00bb Aim\u00e9 C\u00e9saire Un apart\u00e9 est une adresse directe au public, qui permet de cr\u00e9er une certaine complicit\u00e9, de tisser du lien entre la [&hellip;]<\/p>\n","protected":false},"author":1,"featured_media":0,"parent":0,"menu_order":0,"comment_status":"closed","ping_status":"closed","template":"","meta":{"_editorskit_title_hidden":false,"_editorskit_reading_time":0,"_editorskit_is_block_options_detached":false,"_editorskit_block_options_position":"{}","footnotes":""},"class_list":["post-9","page","type-page","status-publish","hentry"],"yoast_head":"<!-- This site is optimized with the Yoast SEO plugin v26.9 - https:\/\/yoast.com\/product\/yoast-seo-wordpress\/ -->\n<title>La compagnie -<\/title>\n<meta name=\"robots\" content=\"index, follow, max-snippet:-1, max-image-preview:large, max-video-preview:-1\" \/>\n<link rel=\"canonical\" href=\"https:\/\/compagnielesapartes.fr\/index.php\/about\/\" \/>\n<meta property=\"og:locale\" content=\"fr_FR\" \/>\n<meta property=\"og:type\" content=\"article\" \/>\n<meta property=\"og:title\" content=\"La compagnie -\" \/>\n<meta property=\"og:description\" content=\"La Compagnie Les Apart\u00e9s d\u00e9veloppe un travail artistique m\u00ealant cr\u00e9ation th\u00e9\u00e2trale, actions culturelles et transmission aupr\u00e8s de tous les publics en milieu rural. \u00abLe th\u00e9\u00e2tre est le meilleur moyen d\u2019\u00e9veiller les consciences&nbsp;\u00bb Aim\u00e9 C\u00e9saire Un apart\u00e9 est une adresse directe au public, qui permet de cr\u00e9er une certaine complicit\u00e9, de tisser du lien entre la [&hellip;]\" \/>\n<meta property=\"og:url\" content=\"https:\/\/compagnielesapartes.fr\/index.php\/about\/\" \/>\n<meta property=\"article:modified_time\" content=\"2026-02-24T12:21:57+00:00\" \/>\n<meta property=\"og:image\" content=\"https:\/\/compagnielesapartes.fr\/wp-content\/uploads\/2026\/02\/Captura-de-pantalla-2026-02-05-171908.png\" \/>\n\t<meta property=\"og:image:width\" content=\"637\" \/>\n\t<meta property=\"og:image:height\" content=\"480\" \/>\n\t<meta property=\"og:image:type\" content=\"image\/png\" \/>\n<meta name=\"twitter:card\" content=\"summary_large_image\" \/>\n<meta name=\"twitter:label1\" content=\"Dur\u00e9e de lecture estim\u00e9e\" \/>\n\t<meta name=\"twitter:data1\" content=\"7 minutes\" \/>\n<script type=\"application\/ld+json\" class=\"yoast-schema-graph\">{\"@context\":\"https:\/\/schema.org\",\"@graph\":[{\"@type\":\"WebPage\",\"@id\":\"https:\/\/compagnielesapartes.fr\/index.php\/about\/\",\"url\":\"https:\/\/compagnielesapartes.fr\/index.php\/about\/\",\"name\":\"La compagnie -\",\"isPartOf\":{\"@id\":\"https:\/\/compagnielesapartes.fr\/#website\"},\"primaryImageOfPage\":{\"@id\":\"https:\/\/compagnielesapartes.fr\/index.php\/about\/#primaryimage\"},\"image\":{\"@id\":\"https:\/\/compagnielesapartes.fr\/index.php\/about\/#primaryimage\"},\"thumbnailUrl\":\"https:\/\/compagnielesapartes.fr\/wp-content\/uploads\/2026\/02\/Captura-de-pantalla-2026-02-05-171908.png\",\"datePublished\":\"2020-08-25T21:24:25+00:00\",\"dateModified\":\"2026-02-24T12:21:57+00:00\",\"breadcrumb\":{\"@id\":\"https:\/\/compagnielesapartes.fr\/index.php\/about\/#breadcrumb\"},\"inLanguage\":\"fr-FR\",\"potentialAction\":[{\"@type\":\"ReadAction\",\"target\":[\"https:\/\/compagnielesapartes.fr\/index.php\/about\/\"]}]},{\"@type\":\"ImageObject\",\"inLanguage\":\"fr-FR\",\"@id\":\"https:\/\/compagnielesapartes.fr\/index.php\/about\/#primaryimage\",\"url\":\"https:\/\/compagnielesapartes.fr\/wp-content\/uploads\/2026\/02\/Captura-de-pantalla-2026-02-05-171908.png\",\"contentUrl\":\"https:\/\/compagnielesapartes.fr\/wp-content\/uploads\/2026\/02\/Captura-de-pantalla-2026-02-05-171908.png\",\"width\":637,\"height\":480},{\"@type\":\"BreadcrumbList\",\"@id\":\"https:\/\/compagnielesapartes.fr\/index.php\/about\/#breadcrumb\",\"itemListElement\":[{\"@type\":\"ListItem\",\"position\":1,\"name\":\"Accueil\",\"item\":\"https:\/\/compagnielesapartes.fr\/\"},{\"@type\":\"ListItem\",\"position\":2,\"name\":\"La compagnie\"}]},{\"@type\":\"WebSite\",\"@id\":\"https:\/\/compagnielesapartes.fr\/#website\",\"url\":\"https:\/\/compagnielesapartes.fr\/\",\"name\":\"\",\"description\":\"\",\"potentialAction\":[{\"@type\":\"SearchAction\",\"target\":{\"@type\":\"EntryPoint\",\"urlTemplate\":\"https:\/\/compagnielesapartes.fr\/?s={search_term_string}\"},\"query-input\":{\"@type\":\"PropertyValueSpecification\",\"valueRequired\":true,\"valueName\":\"search_term_string\"}}],\"inLanguage\":\"fr-FR\"}]}<\/script>\n<!-- \/ Yoast SEO plugin. -->","yoast_head_json":{"title":"La compagnie -","robots":{"index":"index","follow":"follow","max-snippet":"max-snippet:-1","max-image-preview":"max-image-preview:large","max-video-preview":"max-video-preview:-1"},"canonical":"https:\/\/compagnielesapartes.fr\/index.php\/about\/","og_locale":"fr_FR","og_type":"article","og_title":"La compagnie -","og_description":"La Compagnie Les Apart\u00e9s d\u00e9veloppe un travail artistique m\u00ealant cr\u00e9ation th\u00e9\u00e2trale, actions culturelles et transmission aupr\u00e8s de tous les publics en milieu rural. \u00abLe th\u00e9\u00e2tre est le meilleur moyen d\u2019\u00e9veiller les consciences&nbsp;\u00bb Aim\u00e9 C\u00e9saire Un apart\u00e9 est une adresse directe au public, qui permet de cr\u00e9er une certaine complicit\u00e9, de tisser du lien entre la [&hellip;]","og_url":"https:\/\/compagnielesapartes.fr\/index.php\/about\/","article_modified_time":"2026-02-24T12:21:57+00:00","og_image":[{"width":637,"height":480,"url":"https:\/\/compagnielesapartes.fr\/wp-content\/uploads\/2026\/02\/Captura-de-pantalla-2026-02-05-171908.png","type":"image\/png"}],"twitter_card":"summary_large_image","twitter_misc":{"Dur\u00e9e de lecture estim\u00e9e":"7 minutes"},"schema":{"@context":"https:\/\/schema.org","@graph":[{"@type":"WebPage","@id":"https:\/\/compagnielesapartes.fr\/index.php\/about\/","url":"https:\/\/compagnielesapartes.fr\/index.php\/about\/","name":"La compagnie -","isPartOf":{"@id":"https:\/\/compagnielesapartes.fr\/#website"},"primaryImageOfPage":{"@id":"https:\/\/compagnielesapartes.fr\/index.php\/about\/#primaryimage"},"image":{"@id":"https:\/\/compagnielesapartes.fr\/index.php\/about\/#primaryimage"},"thumbnailUrl":"https:\/\/compagnielesapartes.fr\/wp-content\/uploads\/2026\/02\/Captura-de-pantalla-2026-02-05-171908.png","datePublished":"2020-08-25T21:24:25+00:00","dateModified":"2026-02-24T12:21:57+00:00","breadcrumb":{"@id":"https:\/\/compagnielesapartes.fr\/index.php\/about\/#breadcrumb"},"inLanguage":"fr-FR","potentialAction":[{"@type":"ReadAction","target":["https:\/\/compagnielesapartes.fr\/index.php\/about\/"]}]},{"@type":"ImageObject","inLanguage":"fr-FR","@id":"https:\/\/compagnielesapartes.fr\/index.php\/about\/#primaryimage","url":"https:\/\/compagnielesapartes.fr\/wp-content\/uploads\/2026\/02\/Captura-de-pantalla-2026-02-05-171908.png","contentUrl":"https:\/\/compagnielesapartes.fr\/wp-content\/uploads\/2026\/02\/Captura-de-pantalla-2026-02-05-171908.png","width":637,"height":480},{"@type":"BreadcrumbList","@id":"https:\/\/compagnielesapartes.fr\/index.php\/about\/#breadcrumb","itemListElement":[{"@type":"ListItem","position":1,"name":"Accueil","item":"https:\/\/compagnielesapartes.fr\/"},{"@type":"ListItem","position":2,"name":"La compagnie"}]},{"@type":"WebSite","@id":"https:\/\/compagnielesapartes.fr\/#website","url":"https:\/\/compagnielesapartes.fr\/","name":"","description":"","potentialAction":[{"@type":"SearchAction","target":{"@type":"EntryPoint","urlTemplate":"https:\/\/compagnielesapartes.fr\/?s={search_term_string}"},"query-input":{"@type":"PropertyValueSpecification","valueRequired":true,"valueName":"search_term_string"}}],"inLanguage":"fr-FR"}]}},"_links":{"self":[{"href":"https:\/\/compagnielesapartes.fr\/index.php\/wp-json\/wp\/v2\/pages\/9","targetHints":{"allow":["GET"]}}],"collection":[{"href":"https:\/\/compagnielesapartes.fr\/index.php\/wp-json\/wp\/v2\/pages"}],"about":[{"href":"https:\/\/compagnielesapartes.fr\/index.php\/wp-json\/wp\/v2\/types\/page"}],"author":[{"embeddable":true,"href":"https:\/\/compagnielesapartes.fr\/index.php\/wp-json\/wp\/v2\/users\/1"}],"replies":[{"embeddable":true,"href":"https:\/\/compagnielesapartes.fr\/index.php\/wp-json\/wp\/v2\/comments?post=9"}],"version-history":[{"count":55,"href":"https:\/\/compagnielesapartes.fr\/index.php\/wp-json\/wp\/v2\/pages\/9\/revisions"}],"predecessor-version":[{"id":2743,"href":"https:\/\/compagnielesapartes.fr\/index.php\/wp-json\/wp\/v2\/pages\/9\/revisions\/2743"}],"wp:attachment":[{"href":"https:\/\/compagnielesapartes.fr\/index.php\/wp-json\/wp\/v2\/media?parent=9"}],"curies":[{"name":"wp","href":"https:\/\/api.w.org\/{rel}","templated":true}]}}